{"id":2553,"date":"2020-09-23T15:39:10","date_gmt":"2020-09-23T13:39:10","guid":{"rendered":"http:\/\/dev6.sloway.si\/anguinus\/media\/"},"modified":"2023-10-16T10:14:55","modified_gmt":"2023-10-16T08:14:55","slug":"media","status":"publish","type":"page","link":"https:\/\/www.anguinus.net\/sl\/media\/","title":{"rendered":"Media"},"content":{"rendered":"<div class=\"wpb-content-wrapper\"><p>[vc_row][vc_column][vc_column_text]<\/p>\n<h4>14.10.2023 &#8211; STA &#8211; \u00bb<a href=\"http:\/\/znanost.sta.si\/3224472\/z-analizo-genoma-cloveske-ribice-do-boljsega-razumevanja-njenih-nenavadnih-lastnosti\">Z analizo genoma \u010dlove\u0161ke ribice do bolj\u0161ega razumevanja njenih nenavadnih lastnosti<\/a>\u00ab<\/h4>\n<h4>02.08.2023 &#8211; BBC Reel &#8211; \u00bb<a href=\"https:\/\/www.bbc.com\/reel\/video\/p0g4174s\/is-this-mysterious-animal-the-key-to-human-longevity-?fbclid=IwAR1XSFx5VxvT0r6SUTkWRi0n03Tvy0-5u8eLDIlO5ibtLQ1DfRrgTyNNztg\">Is this mysterious animal the key to human longevity?<\/a>\u00ab<\/h4>\n<h4>24.02.2023 &#8211; Experience &#8211;\u00a0\u00bb<a href=\"https:\/\/expmag.com\/2023\/02\/this-blind-slovenian-salamander-could-hold-the-key-to-longevity\/\">This blind Slovenian salamander could hold the key to longevity<\/a>\u00ab<\/h4>\n<h4>01.02.2023 &#8211; Biotehni\u0161ka fakulteta UL &#8211; \u00bb<a href=\"https:\/\/www.bf.uni-lj.si\/sl\/novice\/2023020108073775\/uradno-vzpostavljeno-sodelovanje-med-biotehnisko-fakulteto-in-postojnsko-jamo\">Uradno vzpostavljeno sodelovanje med Biotehni\u0161ko fakulteto in Postojnsko jamo<\/a>\u00ab<\/h4>\n<h4>29.01.2023 &#8211; Slovenia Bussines Club &#8211; \u00bb<a href=\"https:\/\/www.sbc.si\/novice\/2023\/01\/superjunaki-varujemo-clovesko-ribico?fbclid=IwAR1qyeTIQkZ1KSrO-EUnIIeshC1wwZx1ftV_-wwRjR4l2fseuKU2e8GOTFY\">Superjunaki varujejo \u010dlove\u0161ke ribice: vsak lahko pomaga<\/a>\u00ab<\/h4>\n<h4>28.01.2023 &#8211; 24ur &#8211;\u00a0\u00bb<a href=\"https:\/\/www.24ur.com\/magazin\/zgodbe\/nov-narascaj-prinesel-nova-odkritja-bi-lahko-imeli-zmajcka-dvojcka.html\">Nov nara\u0161\u010daj prinesel nova odkritja. Bi lahko imeli zmaj\u010dka dvoj\u010dka?<\/a>\u00ab<\/h4>\n<h4>27.01.2023 &#8211; Ve\u010der &#8211; \u00bb<a href=\"https:\/\/vecer.com\/slovenija\/protect-proteus-v-postojnski-jami-zbirajo-sredstva-za-raziskovanje-cloveske-ribice-10325938\">Vladarka podzemlja presene\u010da, a na dvoj\u010dke bo treba \u0161e po\u010dakati<\/a>\u00ab<\/h4>\n<h4>26.01.2023 &#8211; Ve\u010der &#8211; \u00bb<a href=\"http:\/\/Protect proteus: V Postojnski jami zbirajo sredstva za raziskovanje \u010dlove\u0161ke ribice\">Protect proteus: V Postojnski jami zbirajo sredstva za raziskovanje \u010dlove\u0161ke ribice<\/a>\u00ab<\/h4>\n<h4>26.01.2023 &#8211; Park Postojnska jama &#8211; \u00bb<a href=\"https:\/\/www.postojnska-jama.eu\/sl\/medijsko-sredisce\/novice\/superjunaki-varujemo-clovesko-ribico\/\">Za\u017eivel je Protect Proteus Project<\/a>\u00ab<\/h4>\n<h4>26.01.2023 &#8211; RTV SLO &#8211; \u00bb<a href=\"https:\/\/www.rtvslo.si\/zabava-in-slog\/zanimivosti\/v-postojnski-jami-so-se-razveselili-novih-mladickov-cloveske-ribice\/655793\">V Postojnski jami so se razveselili novih mladi\u010dkov \u010dlove\u0161ke ribice<\/a>\u00ab<\/h4>\n<h4>26.01.2023 &#8211; 24ur &#8211; \u00bb<a href=\"https:\/\/www.24ur.com\/novice\/slovenija\/a-imate-nova-jajceca-tako-je-13-letni-jaka-sprozil-evforijo-v-postojni.html\">&#8216;A imate nova jaj\u010deca?&#8217; Tako je 13-letni Jaka spro\u017eil evforijo v Postojni<\/a>\u00ab<\/h4>\n<h4>26.01.2023 &#8211; Delo &#8211; \u00bb<a href=\"https:\/\/www.delo.si\/novice\/slovenija\/skrb-za-57-postojnskih-zmajckov\/\">Skrb za 57 postojnskih \u00bbzmaj\u010dkov<\/a>\u00ab<\/h4>\n<h4>03.01.2023 &#8211; RTV SLO &#8211;\u00a0\u00bb<a href=\"https:\/\/365.rtvslo.si\/arhiv\/tuji-dokumentarni-filmi-in-oddaje\/174924194\">Slovenija &#8211; utrip divjine<\/a>&#8221; &#8211; dokumentarni film v nem\u0161ko-avstrijski koprodukciji<\/h4>\n<h4>28.02.2020 &#8211; Primorske novice &#8211;\u00a0\u00bb<a href=\"https:\/\/www.primorske.si\/plus\/7-val\/rok-kostanjsek-ce-delas-s-clovesko-ribico-imas-fer\">Rok Kostanj\u0161ek: \u201c\u010ce dela\u0161 s \u010dlove\u0161ko ribico ima\u0161 &#8220;Ferrarija\u201d<\/a>.\u201d<\/h4>\n<h4>28.02.2020 &#8211; Spletna TV &#8211;\u00a0\u00bb<a href=\"http:\/\/www.spletnatv.si\/zanimivo\/cloveska-ribica-in-revolucija-v-zdravstvu\/\">\u010clove\u0161ka ribica in revolucija v zdravstvu<\/a>.\u201d<\/h4>\n<h4>27.02.2020 &#8211; RTV &#8211; \u00bb<a href=\"https:\/\/www.rtvslo.si\/znanost-in-tehnologija\/bi-nam-lahko-zrasla-nova-roka\/515980\">Ugriznimo znanost: Bi nam lahko zrasla nova roka?<\/a>\u201d<\/h4>\n<h4>23.10.2019 &#8211; 24ur &#8211; \u201c<a href=\"https:\/\/www.24ur.com\/novice\/slovenija\/velik-uspeh-izgubili-smo-le-enega-zmajcka-ostali-pridno-rastejo.html\">Velik uspeh: Izgubili smo le enega &#8216;zmaj\u010dka&#8217;, ostali pridno rastejo<\/a>\u201d<\/h4>\n<h4>23.10.2019 &#8211; Delo &#8211; \u00bb<a href=\"https:\/\/www.delo.si\/novice\/znanoteh\/posnetek-kako-je-cloveski-ribici-zrasla-nova-noga-video-241448.html\">\u010clove\u0161ka ribica lahko preprosto aktivira mati\u010dne celice in razvije nove okon\u010dine.<\/a>\u201d<\/h4>\n<h4>04.04.2019 &#8211; Val 202: &#8220;<a href=\"https:\/\/val202.rtvslo.si\/2019\/03\/kje-pa-vas-cevelj-zuli-168\/\">Kje pa vas \u010develj \u017euli?:\u00a0Pre\u017eiveli bodo vrabci, de\u017eevniki in muhe<\/a>&#8220;<\/h4>\n<h4>18.06.2018 &#8211; Gea &#8211; &#8220;<a href=\"http:\/\/www.mladinska.com\/gea\/tekoca_stevilka\/6892\">Pri 120 letih mladostni kot tridesetletniki<\/a>&#8220;<\/h4>\n<h4>04.05.2018\u00a0&#8211; Primorske novice &#8211;\u00a0&#8220;<a href=\"https:\/\/www.primorske.si\/plus\/7-val\/super-zival-ki-ljudem-nastavlja-ogledalo\">Super \u017eival, ki ljudem nastavlja ogledalo<\/a>&#8220;<\/h4>\n<h4>19.04.2018 &#8211; RTV SLO &#8220;<a href=\"http:\/\/www.rtvslo.si\/okolje\/novice\/poziv-k-zasciti-crne-cloveske-ribice-v-beli-krajini\/452417\">Poziv k za\u0161\u010diti \u010drne \u010dlove\u0161ke ribice v Beli krajini<\/a>&#8220;<\/h4>\n<h4>19.04.2018 &#8211; Mladina &#8220;<a href=\"http:\/\/www.mladina.si\/185063\/proteus-kamionus\/\">Proteus &#8211; Vir pri Sti\u010dni &#8211; parkiri\u0161\u010de za tovorna vozila<\/a>&#8221; (Odziv na na\u0161 protest pri ARSO)<\/h4>\n<h4>18.04.2018 &#8211; Dnevnik &#8211; &#8220;<a href=\"https:\/\/www.dnevnik.si\/1042818946\">\u010clove\u0161ka ribica \u2013 oboji lahko do\u010dakamo sto let in imamo podobne te\u017eave<\/a>&#8220;<\/h4>\n<h4>10.04.2018 &#8211; In front University of Ljubljana: \u201c<a href=\"https:\/\/www.uni-lj.si\/in_front\/2018041013142912\/\">Proteus anguinus<\/a>\u201d<\/h4>\n<h4>06.04.2018 &#8211; Mladina: \u00bb<a href=\"http:\/\/www.mladina.si\/184945\/50-milijard-crk\/\">Kitajci imajo genom pande. Avstralci imajo genom koale. Kanad\u010dani imajo genom bobra \u2026 Slovenija bo dobila genom \u010dlove\u0161ke ribice.<\/a>\u00ab<\/h4>\n<h4>29.03.2018 &#8211; DELO: \u00bb<a href=\"https:\/\/www.delo.si\/znanje\/znanost\/kaj-bo-razkril-genom-cloveske-ribice.html\">Kaj bo razkril genom \u010dlove\u0161ke ribice?<\/a>\u00ab<\/h4>\n<h4>14.02.2018 &#8211; Dolenjski list: \u00bb<a href=\"http:\/\/www.dolenjskilist.si\/2018\/02\/14\/190686\/novice\/bela_krajina\/O_vodah_med_varnostjo_in_nevarnostjo\/\">O vodah med varnostjo in nevarnostjo<\/a>\u00ab<\/h4>\n<h4>13.02.2018 &#8211; Va\u0161 kanal: \u00bb<a href=\"http:\/\/proteus-belakrajina.si\/predavanje-o-vodi\/\">Belokranjske in slovenske vode med varnostjo in nevarnostjo<\/a>\u201d\u00ab<\/h4>\n<h4>30.11.2017 &#8211; Va\u0161 kanal: &#8220;<a href=\"http:\/\/www.vaskanal.com\/arhiv-oddaj\/video\/7380\/Novice%2C-30--oktober-2017.html\">Novice &#8211; Odkritje skulpture in novinarska konferenca<\/a>&#8220;<\/h4>\n<h4>21.11.2017 &#8211; Va\u0161 kanal: \u00bb<a href=\"http:\/\/www.vaskanal.com\/arhiv-oddaj\/video\/7467\/Je-%C4%8Drna-%C4%8Dlove%C5%A1ka-ribica-ogro%C5%BEena%3F.html\">Je \u010drna \u010dlove\u0161ka ribica ogro\u017eena<\/a>\u00ab<\/h4>\n<h4>9.11.2017 &#8211; Va\u0161 kanal &#8211; &#8220;<a href=\"http:\/\/www.vaskanal.com\/arhiv-oddaj\/video\/7412\/Belokranjski-obzornik%2C-9--november-2017.html\">Belokranjski obzornik<\/a> (16:10)&#8221;<\/h4>\n<h4>30.10.2017 &#8211; Dolenjski list &#8211; &#8220;<a href=\"http:\/\/www.dolenjskilist.si\/2017\/10\/29\/184684\/novice\/bela_krajina\/Belokranjcem_je_mar_kaj_pa_drzavi\/\">Belokranjcem je mar, kaj pa dr\u017eavi?<\/a>&#8220;<\/h4>\n<h4>27.8.2017 &#8211; The Guardian &#8211; &#8220;<a href=\"https:\/\/www.theguardian.com\/environment\/2017\/aug\/27\/slovenia-baby-dragons-postojna-salamaders-olms-proteus-anguinus\">How Slovenia is helping its \u2018baby dragons<\/a>\u2019&#8221;<\/h4>\n<h4>24.8.2017 &#8211; 24ur &#8211; &#8220;<a href=\"http:\/\/www.24ur.com\/novice\/slovenija\/ali-cloveski-ribici-grozi-nenadno-izumrtje.html\">Strokovnjaki opozarjajo: zaradi glivi\u010dne bolezni \u010dlove\u0161ki ribici morda grozi nenadno izumrtje&#8221;<\/a><\/h4>\n<h4>24.8.2017 &#8211; \u017durnal24 &#8211; &#8220;<a href=\"http:\/\/www.zurnal24.si\/vizita-za-zivali\/novice\/simbolu-na-katerega-smo-tako-ponosni-grozi-nenadno-izumrtje-295859\">Simbolu, na katerega smo tako ponosni, grozi nenadno izumrtje<\/a>&#8220;<\/h4>\n<h4>14.6.2016 &#8211; Metamorfoza 022 &#8211; &#8220;<a href=\"https:\/\/metinalista.si\/metamorfoza-022-cloveska-ribica\/\">\u010clove\u0161ka ribica<\/a>&#8220;<\/h4>\n<h4>1.12.2016 &#8211; RTV &#8211; &#8220;<a href=\"https:\/\/4d.rtvslo.si\/arhiv\/ugriznimo-znanost\/174440505\">Ugriznimo znanost: Slovenski svetovni fenomen &#8211; \u010dlove\u0161ka ribica<\/a>&#8220;<\/h4>\n<p>[\/vc_column_text][\/vc_column][\/vc_row]<\/p>\n<\/div>","protected":false},"excerpt":{"rendered":"<p>[vc_row][vc_column][vc_column_text] 14.10.2023 &#8211; STA &#8211; \u00bbZ analizo genoma \u010dlove\u0161ke ribice do bolj\u0161ega razumevanja njenih nenavadnih lastnosti\u00ab 02.08.2023 &#8211; BBC Reel &#8211; \u00bbIs this mysterious animal the key to human longevity?\u00ab 24.02.2023 &#8211; Experience &#8211;\u00a0\u00bbThis blind Slovenian salamander could hold the key to longevity\u00ab 01.02.2023 &#8211; Biotehni\u0161ka fakulteta UL &#8211; \u00bbUradno&hellip;<\/p>\n","protected":false},"author":1,"featured_media":0,"parent":0,"menu_order":0,"comment_status":"closed","ping_status":"closed","template":"","meta":{"footnotes":""},"yoast_head":"<!-- This site is optimized with the Yoast SEO plugin v22.7 - https:\/\/yoast.com\/wordpress\/plugins\/seo\/ -->\n<title>Media - Proteus anguinus<\/title>\n<meta name=\"robots\" content=\"index, follow, max-snippet:-1, max-image-preview:large, max-video-preview:-1\" \/>\n<link rel=\"canonical\" href=\"https:\/\/www.anguinus.net\/sl\/media\/\" \/>\n<meta property=\"og:locale\" content=\"sl_SI\" \/>\n<meta property=\"og:type\" content=\"article\" \/>\n<meta property=\"og:title\" content=\"Media - Proteus anguinus\" \/>\n<meta property=\"og:description\" content=\"[vc_row][vc_column][vc_column_text] 14.10.2023 &#8211; STA &#8211; \u00bbZ analizo genoma \u010dlove\u0161ke ribice do bolj\u0161ega razumevanja njenih nenavadnih lastnosti\u00ab 02.08.2023 &#8211; BBC Reel &#8211; \u00bbIs this mysterious animal the key to human longevity?\u00ab 24.02.2023 &#8211; Experience &#8211;\u00a0\u00bbThis blind Slovenian salamander could hold the key to longevity\u00ab 01.02.2023 &#8211; Biotehni\u0161ka fakulteta UL &#8211; \u00bbUradno&hellip;\" \/>\n<meta property=\"og:url\" content=\"https:\/\/www.anguinus.net\/sl\/media\/\" \/>\n<meta property=\"og:site_name\" content=\"Proteus anguinus\" \/>\n<meta property=\"article:modified_time\" content=\"2023-10-16T08:14:55+00:00\" \/>\n<meta name=\"twitter:card\" content=\"summary_large_image\" \/>\n<meta name=\"twitter:label1\" content=\"Est. reading time\" \/>\n\t<meta name=\"twitter:data1\" content=\"3 minute\" \/>\n<script type=\"application\/ld+json\" class=\"yoast-schema-graph\">{\"@context\":\"https:\/\/schema.org\",\"@graph\":[{\"@type\":\"WebPage\",\"@id\":\"https:\/\/www.anguinus.net\/sl\/media\/\",\"url\":\"https:\/\/www.anguinus.net\/sl\/media\/\",\"name\":\"Media - Proteus anguinus\",\"isPartOf\":{\"@id\":\"https:\/\/www.anguinus.net\/sl\/#website\"},\"datePublished\":\"2020-09-23T13:39:10+00:00\",\"dateModified\":\"2023-10-16T08:14:55+00:00\",\"breadcrumb\":{\"@id\":\"https:\/\/www.anguinus.net\/sl\/media\/#breadcrumb\"},\"inLanguage\":\"sl-SI\",\"potentialAction\":[{\"@type\":\"ReadAction\",\"target\":[\"https:\/\/www.anguinus.net\/sl\/media\/\"]}]},{\"@type\":\"BreadcrumbList\",\"@id\":\"https:\/\/www.anguinus.net\/sl\/media\/#breadcrumb\",\"itemListElement\":[{\"@type\":\"ListItem\",\"position\":1,\"name\":\"Home\",\"item\":\"https:\/\/www.anguinus.net\/sl\/\"},{\"@type\":\"ListItem\",\"position\":2,\"name\":\"Media\"}]},{\"@type\":\"WebSite\",\"@id\":\"https:\/\/www.anguinus.net\/sl\/#website\",\"url\":\"https:\/\/www.anguinus.net\/sl\/\",\"name\":\"Proteus anguinus\",\"description\":\"\",\"potentialAction\":[{\"@type\":\"SearchAction\",\"target\":{\"@type\":\"EntryPoint\",\"urlTemplate\":\"https:\/\/www.anguinus.net\/sl\/?s={search_term_string}\"},\"query-input\":\"required name=search_term_string\"}],\"inLanguage\":\"sl-SI\"}]}<\/script>\n<!-- \/ Yoast SEO plugin. -->","yoast_head_json":{"title":"Media - Proteus anguinus","robots":{"index":"index","follow":"follow","max-snippet":"max-snippet:-1","max-image-preview":"max-image-preview:large","max-video-preview":"max-video-preview:-1"},"canonical":"https:\/\/www.anguinus.net\/sl\/media\/","og_locale":"sl_SI","og_type":"article","og_title":"Media - Proteus anguinus","og_description":"[vc_row][vc_column][vc_column_text] 14.10.2023 &#8211; STA &#8211; \u00bbZ analizo genoma \u010dlove\u0161ke ribice do bolj\u0161ega razumevanja njenih nenavadnih lastnosti\u00ab 02.08.2023 &#8211; BBC Reel &#8211; \u00bbIs this mysterious animal the key to human longevity?\u00ab 24.02.2023 &#8211; Experience &#8211;\u00a0\u00bbThis blind Slovenian salamander could hold the key to longevity\u00ab 01.02.2023 &#8211; Biotehni\u0161ka fakulteta UL &#8211; \u00bbUradno&hellip;","og_url":"https:\/\/www.anguinus.net\/sl\/media\/","og_site_name":"Proteus anguinus","article_modified_time":"2023-10-16T08:14:55+00:00","twitter_card":"summary_large_image","twitter_misc":{"Est. reading time":"3 minute"},"schema":{"@context":"https:\/\/schema.org","@graph":[{"@type":"WebPage","@id":"https:\/\/www.anguinus.net\/sl\/media\/","url":"https:\/\/www.anguinus.net\/sl\/media\/","name":"Media - Proteus anguinus","isPartOf":{"@id":"https:\/\/www.anguinus.net\/sl\/#website"},"datePublished":"2020-09-23T13:39:10+00:00","dateModified":"2023-10-16T08:14:55+00:00","breadcrumb":{"@id":"https:\/\/www.anguinus.net\/sl\/media\/#breadcrumb"},"inLanguage":"sl-SI","potentialAction":[{"@type":"ReadAction","target":["https:\/\/www.anguinus.net\/sl\/media\/"]}]},{"@type":"BreadcrumbList","@id":"https:\/\/www.anguinus.net\/sl\/media\/#breadcrumb","itemListElement":[{"@type":"ListItem","position":1,"name":"Home","item":"https:\/\/www.anguinus.net\/sl\/"},{"@type":"ListItem","position":2,"name":"Media"}]},{"@type":"WebSite","@id":"https:\/\/www.anguinus.net\/sl\/#website","url":"https:\/\/www.anguinus.net\/sl\/","name":"Proteus anguinus","description":"","potentialAction":[{"@type":"SearchAction","target":{"@type":"EntryPoint","urlTemplate":"https:\/\/www.anguinus.net\/sl\/?s={search_term_string}"},"query-input":"required name=search_term_string"}],"inLanguage":"sl-SI"}]}},"_links":{"self":[{"href":"https:\/\/www.anguinus.net\/sl\/wp-json\/wp\/v2\/pages\/2553"}],"collection":[{"href":"https:\/\/www.anguinus.net\/sl\/wp-json\/wp\/v2\/pages"}],"about":[{"href":"https:\/\/www.anguinus.net\/sl\/wp-json\/wp\/v2\/types\/page"}],"author":[{"embeddable":true,"href":"https:\/\/www.anguinus.net\/sl\/wp-json\/wp\/v2\/users\/1"}],"replies":[{"embeddable":true,"href":"https:\/\/www.anguinus.net\/sl\/wp-json\/wp\/v2\/comments?post=2553"}],"version-history":[{"count":7,"href":"https:\/\/www.anguinus.net\/sl\/wp-json\/wp\/v2\/pages\/2553\/revisions"}],"predecessor-version":[{"id":2727,"href":"https:\/\/www.anguinus.net\/sl\/wp-json\/wp\/v2\/pages\/2553\/revisions\/2727"}],"wp:attachment":[{"href":"https:\/\/www.anguinus.net\/sl\/wp-json\/wp\/v2\/media?parent=2553"}],"curies":[{"name":"wp","href":"https:\/\/api.w.org\/{rel}","templated":true}]}}